{"id":526,"date":"2023-01-30T13:35:00","date_gmt":"2023-01-30T13:35:00","guid":{"rendered":"https:\/\/claudiogonzalez.com\/?page_id=526"},"modified":"2023-04-13T23:02:12","modified_gmt":"2023-04-13T23:02:12","slug":"bio","status":"publish","type":"page","link":"https:\/\/claudiogonzalez.com\/es\/bio\/","title":{"rendered":"Biograf\u00eda"},"content":{"rendered":"\n<p>\u201cEn un medio donde la competencia es muy dura, mi objetivo ha sido, a la par de ofrecer los mejores productos, el ayudar y orientar a la gente. Siempre he utilizado los micr\u00f3fonos para promover el bienestar de la comunidad\u201d.<\/p>\n\n\n\n<p>Claudio lleg\u00f3 a los Estados Unidos en 1981 con solo 20 d\u00f3lares en el bolsillo y sin hablar una sola palabra en ingl\u00e9s. Aunque hab\u00eda sido un exitoso vendedor de autom\u00f3viles en Argentina (su pa\u00eds natal), al llegar a la Florida tuvo que realizar trabajos de los m\u00e1s variados para poder sobrevivir, emple\u00e1ndose como jardinero, mesero o pintor, para al poco tiempo retomar su carrera como vendedor en un dealer de carros de West Palm Beach y convertirse inmediatamente en el mejor vendedor. Despu\u00e9s de pasar por diferentes dealers, en el a\u00f1o 1990 comienza a trabajar en Kendall Toyota de Miami y se convierte en el vendedor n\u00famero uno llegando a vender en un solo mes 50 coches. Luego de un tiempo regresa a Argentina y emprende algunos negocios all\u00ed. La crisis econ\u00f3mica del a\u00f1o 2001 lo eyecta nuevamente hacia los Estados Unidos en donde, una vez m\u00e1s, debe comenzar desde cero. Diferentes eventos hacen que regrese a la compa\u00f1\u00eda que lo recibi\u00f3 en el a\u00f1o 1990 y pese a tener 100 vendedores por delante de \u00e9l, logra r\u00e1pidamente y una vez m\u00e1s convertirse en el vendedor n\u00famero uno, es luego ascendido a manager y en menos de ocho meses queda al frente del departamento de publicidad. De ah\u00ed a su rol como director de marketing fue solo un paso. Con esta nueva responsabilidad a cargo no tard\u00f3 mucho en transformar a Kendall Toyota en el dealer n\u00famero uno en todo el pa\u00eds. Producto de las exitosas publicidades creadas y protagonizadas por Claudio el dealer rompi\u00f3 los r\u00e9cords de venta en los Estados Unidos. En un solo mes pas\u00f3 de vender 270 carros de la marca Toyota, a vender m\u00e1s de 1200, posicion\u00e1ndose como n\u00famero uno en ventas en la costa este. Ante tal \u00e9xito, el grupo empresarial que dirige los destinos del dealer le otorga la responsabilidad de sumar el marketing de la marca Lexus.&nbsp;<\/p>\n\n\n\n<p>Su agudo sentido en el manejo de los negocios lo ha posicionado como uno de los empresarios top del sur de Florida.&nbsp;<\/p>\n\n\n\n<p>Adem\u00e1s de sus actividades como director de marketing Claudio se destac\u00f3 como director y talento de sus programas de radio en AM y FM: \u201cDos a Full\u201d. Transmitido en diferentes emisoras del sur de la Florida como Z92, Radio Caracol y Actualidad Radio.&nbsp;<\/p>\n\n\n\n<p>Tampoco ha pasado desapercibido su trabajo codo a codo con International Kid Fund, una instituci\u00f3n sin fines de lucro dedicada a la atenci\u00f3n de ni\u00f1os con c\u00e1ncer. Su compromiso con la gente y su vocaci\u00f3n de ayudar lo han convertido en un referente al momento de organizar la recolecci\u00f3n y env\u00edo de ayuda a pa\u00edses como Per\u00fa, Hait\u00ed, Rep\u00fablica Dominicana y Puerto Rico ante las diferentes cat\u00e1strofes naturales que impactaron dichos pa\u00edses.&nbsp;<\/p>\n\n\n\n<p>Pero sin dudas el evento con m\u00e1s repercusi\u00f3n fue el que organiz\u00f3 junto a la secretar\u00eda de salud del condado de Miami al que concurrieron m\u00e1s de 2500 personas en un solo d\u00eda y en el que se ofreci\u00f3 vacunaci\u00f3n gratuita a j\u00f3venes y ni\u00f1os de 2 meses a 18 a\u00f1os de edad, mamograf\u00edas gratis y ex\u00e1menes confidenciales de VIH as\u00ed como vacunas contra la hepatitis A y B.&nbsp;<\/p>\n\n\n\n<p>Claudio fue distinguido como l\u00edder hispano por quien fuera Alcalde de Miami, Tomas Regalado, por su gran aporte social, cultural y humanitario a la ciudad de Miami.<\/p>\n","protected":false},"excerpt":{"rendered":"<p>\u201cEn un medio donde la competencia es muy dura, mi objetivo ha sido, a la par de ofrecer los mejores productos, el ayudar y orientar a la gente. Siempre he utilizado los micr\u00f3fonos para promover el bienestar de la comunidad\u201d. Claudio lleg\u00f3 a los Estados Unidos en 1981 con solo 20 d\u00f3lares en el bolsillo [&hellip;]<\/p>\n","protected":false},"author":1,"featured_media":0,"parent":0,"menu_order":0,"comment_status":"closed","ping_status":"closed","template":"","meta":{"footnotes":""},"class_list":["post-526","page","type-page","status-publish","hentry"],"translation":{"provider":"WPGlobus","version":"2.10.10","language":"es","enabled_languages":["en","es"],"languages":{"en":{"title":true,"content":true,"excerpt":false},"es":{"title":true,"content":true,"excerpt":false}}},"_links":{"self":[{"href":"https:\/\/claudiogonzalez.com\/es\/wp-json\/wp\/v2\/pages\/526","targetHints":{"allow":["GET"]}}],"collection":[{"href":"https:\/\/claudiogonzalez.com\/es\/wp-json\/wp\/v2\/pages"}],"about":[{"href":"https:\/\/claudiogonzalez.com\/es\/wp-json\/wp\/v2\/types\/page"}],"author":[{"embeddable":true,"href":"https:\/\/claudiogonzalez.com\/es\/wp-json\/wp\/v2\/users\/1"}],"replies":[{"embeddable":true,"href":"https:\/\/claudiogonzalez.com\/es\/wp-json\/wp\/v2\/comments?post=526"}],"version-history":[{"count":2,"href":"https:\/\/claudiogonzalez.com\/es\/wp-json\/wp\/v2\/pages\/526\/revisions"}],"predecessor-version":[{"id":2171,"href":"https:\/\/claudiogonzalez.com\/es\/wp-json\/wp\/v2\/pages\/526\/revisions\/2171"}],"wp:attachment":[{"href":"https:\/\/claudiogonzalez.com\/es\/wp-json\/wp\/v2\/media?parent=526"}],"curies":[{"name":"wp","href":"https:\/\/api.w.org\/{rel}","templated":true}]}}