{"id":495,"date":"2023-01-17T12:21:11","date_gmt":"2023-01-17T12:21:11","guid":{"rendered":"https:\/\/claudiogonzalez.com\/?page_id=495"},"modified":"2023-04-13T23:07:35","modified_gmt":"2023-04-13T23:07:35","slug":"press","status":"publish","type":"page","link":"https:\/\/claudiogonzalez.com\/es\/press\/","title":{"rendered":"Prensa"},"content":{"rendered":"\n<p>Prensa sobre Claudio Gonz\u00e1lez<\/p>\n\n\n\n<h4 class=\"wp-block-heading\"><a href=\"https:\/\/www.infobae.com\/2014\/05\/27\/1567976-claudio-gonzalez-todos-llegamos-miami-un-proposito-nadie-cae-paracaidas-casualidad\/\">Claudio Gonz\u00e1lez: &#8220;Todos llegamos a Miami con un prop\u00f3sito, nadie cae en paraca\u00eddas de casualidad&#8221;<\/a><\/h4>\n\n\n\n<p>El empresario es un ejemplo de que el trabajo duro y el esfuerzo tiene su recompensa. El argentino que conquist\u00f3 Miami se confes\u00f3 en un di\u00e1logo con Infobae. Su llegada a EEUU y el amor por su hijo.<\/p>\n\n\n\n<p>Por Nicol\u00e1s Villar<\/p>\n\n\n\n<p>27 de Mayo de 2014<\/p>\n\n\n\n<hr class=\"wp-block-separator aligncenter has-alpha-channel-opacity\"\/>\n\n\n\n<h4 class=\"wp-block-heading\"><a href=\"https:\/\/www.diariolasamericas.com\/economia\/claudio-gonzalez-el-hombre-la-imagen-west-kendall-toyota-n4138945\">Claudio Gonz\u00e1lez: El hombre tras la imagen de West Kendall Toyota<\/a><\/h4>\n\n\n\n<p>DIARIO LAS AM\u00c9RICAS tuvo la oportunidad de conversar con Claudio Gonz\u00e1lez, la imagen de West Kendall Toyota en el sur de la Florida, quien nos comparti\u00f3 su impresionante historia<\/p>\n\n\n\n<p>Por&nbsp;C\u00c9SAR MEN\u00c9NDEZ<\/p>\n\n\n\n<p>10 de diciembre de 2017<\/p>\n\n\n\n<hr class=\"wp-block-separator has-alpha-channel-opacity\"\/>\n\n\n\n<h4 class=\"wp-block-heading\"><a href=\"https:\/\/www.lanacion.com.ar\/cultura\/el-sueno-americano-en-espanol-nid1226191\/\">El sue\u00f1o americano, en espa\u00f1ol<\/a><\/h4>\n\n\n\n<p>Editorial Lanacion.com.ar<\/p>\n\n\n\n<p>30 de enero de 2010<\/p>\n\n\n\n<hr class=\"wp-block-separator has-alpha-channel-opacity\"\/>\n\n\n\n<h4 class=\"wp-block-heading\"><a href=\"https:\/\/www.lanacion.com.ar\/cultura\/el-sueno-americano-en-espanol-nid1226191\/\">Yo, Claudio&#8230;el motor de una idea exitosa<\/a><\/h4>\n\n\n\n<p>En su natal Argentina, Claudio Gonz\u00e1lez empez\u00f3 su carrera como vendedor de autos que traslad\u00f3 al sur de la Florida, donde su estilo se identifica con una marca<\/p>\n\n\n\n<p>@sergiootalora<\/p>\n","protected":false},"excerpt":{"rendered":"<p>Prensa sobre Claudio Gonz\u00e1lez Claudio Gonz\u00e1lez: &#8220;Todos llegamos a Miami con un prop\u00f3sito, nadie cae en paraca\u00eddas de casualidad&#8221; El empresario es un ejemplo de que el trabajo duro y el esfuerzo tiene su recompensa. El argentino que conquist\u00f3 Miami se confes\u00f3 en un di\u00e1logo con Infobae. Su llegada a EEUU y el amor por [&hellip;]<\/p>\n","protected":false},"author":1,"featured_media":0,"parent":0,"menu_order":0,"comment_status":"closed","ping_status":"closed","template":"","meta":{"footnotes":""},"class_list":["post-495","page","type-page","status-publish","hentry"],"translation":{"provider":"WPGlobus","version":"2.10.10","language":"es","enabled_languages":["en","es"],"languages":{"en":{"title":true,"content":true,"excerpt":false},"es":{"title":true,"content":true,"excerpt":false}}},"_links":{"self":[{"href":"https:\/\/claudiogonzalez.com\/es\/wp-json\/wp\/v2\/pages\/495","targetHints":{"allow":["GET"]}}],"collection":[{"href":"https:\/\/claudiogonzalez.com\/es\/wp-json\/wp\/v2\/pages"}],"about":[{"href":"https:\/\/claudiogonzalez.com\/es\/wp-json\/wp\/v2\/types\/page"}],"author":[{"embeddable":true,"href":"https:\/\/claudiogonzalez.com\/es\/wp-json\/wp\/v2\/users\/1"}],"replies":[{"embeddable":true,"href":"https:\/\/claudiogonzalez.com\/es\/wp-json\/wp\/v2\/comments?post=495"}],"version-history":[{"count":10,"href":"https:\/\/claudiogonzalez.com\/es\/wp-json\/wp\/v2\/pages\/495\/revisions"}],"predecessor-version":[{"id":2175,"href":"https:\/\/claudiogonzalez.com\/es\/wp-json\/wp\/v2\/pages\/495\/revisions\/2175"}],"wp:attachment":[{"href":"https:\/\/claudiogonzalez.com\/es\/wp-json\/wp\/v2\/media?parent=495"}],"curies":[{"name":"wp","href":"https:\/\/api.w.org\/{rel}","templated":true}]}}